{"id":223,"date":"2026-02-02T20:27:44","date_gmt":"2026-02-02T20:27:44","guid":{"rendered":"https:\/\/serviciosjll.com.ar\/sitio\/?page_id=223"},"modified":"2026-02-03T00:34:44","modified_gmt":"2026-02-03T00:34:44","slug":"medio-ambientales","status":"publish","type":"page","link":"https:\/\/serviciosjll.com.ar\/sitio\/servicios\/medio-ambientales\/","title":{"rendered":"Medio ambientales"},"content":{"rendered":"\t\t<div data-elementor-type=\"wp-page\" data-elementor-id=\"223\" class=\"elementor elementor-223\">\n\t\t\t\t<div class=\"elementor-element elementor-element-ebc6406 e-flex e-con-boxed e-con e-parent\" data-id=\"ebc6406\" data-element_type=\"container\" data-e-type=\"container\">\n\t\t\t\t\t<div class=\"e-con-inner\">\n\t\t\t\t<div class=\"elementor-element elementor-element-54c3479 elementor-widget elementor-widget-slider_revolution\" data-id=\"54c3479\" data-element_type=\"widget\" data-e-type=\"widget\" data-widget_type=\"slider_revolution.default\">\n\t\t\t\t\t\n\t\t<div class=\"wp-block-themepunch-revslider\">\n\t\t\t\t<p class=\"rs-p-wp-fix\"><\/p>\n\t\t\t\t<sr7-module data-alias=\"medio-ambientales\" data-id=\"6\" id=\"SR7_6_1\" class=\"rs-ov-hidden\" data-version=\"6.7.41\">\n\t\t\t\t\t<sr7-adjuster><\/sr7-adjuster>\n\t\t\t\t\t<sr7-content>\n\t\t\t\t\t\t<sr7-slide id=\"SR7_6_1-11\" data-key=\"11\">\n\t\t\t\t\t\t\t<sr7-bg id=\"SR7_6_1-11-2\" class=\"sr7-layer\"><noscript><img decoding=\"async\" src=\"https:\/\/serviciosjll.com.ar\/sitio\/wp-content\/uploads\/revslider\/medio-ambientales\/Slides-secciones_Medio-ambiente.png\" alt=\"\" title=\"Slides-secciones_Medio-ambiente.png\"><\/noscript><\/sr7-bg>\n\t\t\t\t\t\t\t<sr7-txt id=\"SR7_6_1-11-1\" class=\"sr7-layer\">Medio Ambientales<\/sr7-txt>\n\t\t\t\t\t\t<\/sr7-slide>\n\t\t\t\t\t<\/sr7-content>\n\t\t\t\t\t<image_lists style=\"display:none\">\n\t\t\t\t\t\t<img data-src=\"\/\/serviciosjll.com.ar\/sitio\/wp-content\/uploads\/revslider\/medio-ambientales\/Slides-secciones_Medio-ambiente.png\" data-libid=\"132\" title=\"Slides-secciones_Medio-ambiente.png\" width=\"0\" height=\"0\" data-dbsrc=\"Ly9zZXJ2aWNpb3NqbGwuY29tLmFyL3NpdGlvL3dwLWNvbnRlbnQvdXBsb2Fkcy9yZXZzbGlkZXIvbWVkaW8tYW1iaWVudGFsZXMvU2xpZGVzLXNlY2Npb25lc19NZWRpby1hbWJpZW50ZS5wbmc=\"\/>\n\t\t\t\t\t<\/image_lists>\n\t\t\t\t<\/sr7-module>\n\t\t\t\t<script>\n\t\t\t\t\tSR7.PMH ??={}; SR7.PMH[\"SR7_6_1\"] = {cn:100,state:false,fn: function() { if (_tpt!==undefined && _tpt.prepareModuleHeight !== undefined) {  _tpt.prepareModuleHeight({id:\"SR7_6_1\",type:'hero',shdw:'0',gh:[260,260,215,163,101],gw:[1240,1240,1024,778,480],vpt:['-200px'],size:{fullWidth:true, fullHeight:false},mh:'0',onh:0,onw:0,bg:{color:'{\"orig\":\"transparent\",\"type\":\"solid\",\"string\":\"transparent\"}'},plType:'0',plColor:'#FFFFFF'});   SR7.PMH[\"SR7_6_1\"].state=true;} else if(SR7.PMH[\"SR7_6_1\"].cn-->0)\tsetTimeout( SR7.PMH[\"SR7_6_1\"].fn,19);}};SR7.PMH[\"SR7_6_1\" ].fn();\n\t\t\t\t<\/script>\n<\/div>\n\n\t\t\t\t\t\t<\/div>\n\t\t\t\t\t<\/div>\n\t\t\t\t<\/div>\n\t\t<div class=\"elementor-element elementor-element-48e3626 e-flex e-con-boxed e-con e-parent\" data-id=\"48e3626\" data-element_type=\"container\" data-e-type=\"container\" data-settings=\"{&quot;background_background&quot;:&quot;classic&quot;}\">\n\t\t\t\t\t<div class=\"e-con-inner\">\n\t\t<div class=\"elementor-element elementor-element-fcc58a3 e-con-full e-flex e-con e-child\" data-id=\"fcc58a3\" data-element_type=\"container\" data-e-type=\"container\">\n\t\t\t\t<div class=\"elementor-element elementor-element-8385466 elementor-widget elementor-widget-text-editor\" data-id=\"8385466\" data-element_type=\"widget\" data-e-type=\"widget\" data-widget_type=\"text-editor.default\">\n\t\t\t\t\t\t\t\t\t<h5><span style=\"color: #83b243;\">Profesionalidad, experiencia y especializaci\u00f3n, adaptadas a todo tipo de espacios.<\/span><\/h5><p style=\"text-align: justify;\">Nuestro plan de trabajo se basa en estudiar las necesidades e infraestructura del cliente para definir los recursos necesarios poniendo en marcha la log\u00edstica, armando la planificaci\u00f3n y ejecutando las acciones necesarias a cada proyecto.<\/p><p>Organizamos procesos y estructuramos servicios que se proyectan a largo plazo.<\/p><p>Invertimos en I+D con el objetivo de tecnificar procesos y utilizar la maquinaria adecuada que permita a nuestros clientes cuidar al m\u00e1ximo sus instalaciones.<\/p>\t\t\t\t\t\t\t\t<\/div>\n\t\t\t\t<\/div>\n\t\t<div class=\"elementor-element elementor-element-75710e0 e-con-full e-flex e-con e-child\" data-id=\"75710e0\" data-element_type=\"container\" data-e-type=\"container\">\n\t\t\t\t<div class=\"elementor-element elementor-element-661ef06 elementor-pagination-position-outside elementor-widget elementor-widget-image-carousel\" data-id=\"661ef06\" data-element_type=\"widget\" data-e-type=\"widget\" data-settings=\"{&quot;slides_to_show&quot;:&quot;1&quot;,&quot;navigation&quot;:&quot;dots&quot;,&quot;autoplay&quot;:&quot;yes&quot;,&quot;pause_on_hover&quot;:&quot;yes&quot;,&quot;pause_on_interaction&quot;:&quot;yes&quot;,&quot;autoplay_speed&quot;:5000,&quot;infinite&quot;:&quot;yes&quot;,&quot;effect&quot;:&quot;slide&quot;,&quot;speed&quot;:500}\" data-widget_type=\"image-carousel.default\">\n\t\t\t\t\t\t\t<div class=\"elementor-image-carousel-wrapper swiper\" role=\"region\" aria-roledescription=\"carousel\" aria-label=\"Carrusel de im\u00e1genes\" dir=\"ltr\">\n\t\t\t<div class=\"elementor-image-carousel swiper-wrapper\" aria-live=\"off\">\n\t\t\t\t\t\t\t\t<div class=\"swiper-slide\" role=\"group\" aria-roledescription=\"slide\" aria-label=\"1 de 2\"><figure class=\"swiper-slide-inner\"><img decoding=\"async\" class=\"swiper-slide-image\" src=\"https:\/\/serviciosjll.com.ar\/sitio\/wp-content\/uploads\/2026\/02\/Servicio-medioambientales-2.webp\" alt=\"Servicio medioambientales 2\" \/><\/figure><\/div><div class=\"swiper-slide\" role=\"group\" aria-roledescription=\"slide\" aria-label=\"2 de 2\"><figure class=\"swiper-slide-inner\"><img decoding=\"async\" class=\"swiper-slide-image\" src=\"https:\/\/serviciosjll.com.ar\/sitio\/wp-content\/uploads\/2026\/02\/Servicio-medioambientales.webp\" alt=\"Servicio medioambientales\" \/><\/figure><\/div>\t\t\t<\/div>\n\t\t\t\t\t\t\t\n\t\t\t\t\t\t\t\t\t<div class=\"swiper-pagination\"><\/div>\n\t\t\t\t\t\t\t\t\t<\/div>\n\t\t\t\t\t\t<\/div>\n\t\t\t\t<\/div>\n\t\t\t\t\t<\/div>\n\t\t\t\t<\/div>\n\t\t<div class=\"elementor-element elementor-element-baec022 e-flex e-con-boxed e-con e-parent\" data-id=\"baec022\" data-element_type=\"container\" data-e-type=\"container\" data-settings=\"{&quot;background_background&quot;:&quot;classic&quot;}\">\n\t\t\t\t\t<div class=\"e-con-inner\">\n\t\t\t\t<div class=\"elementor-element elementor-element-f3ea264 elementor-widget elementor-widget-text-editor\" data-id=\"f3ea264\" data-element_type=\"widget\" data-e-type=\"widget\" data-widget_type=\"text-editor.default\">\n\t\t\t\t\t\t\t\t\t<h3 style=\"text-align: left;\">Calidad humana y tecnol\u00f3gica en la gesti\u00f3n sostenible de espacios verdes.<\/h3>\t\t\t\t\t\t\t\t<\/div>\n\t\t\t\t<div class=\"elementor-element elementor-element-21c3612 elementor-align-left elementor-widget elementor-widget-button\" data-id=\"21c3612\" data-element_type=\"widget\" data-e-type=\"widget\" data-widget_type=\"button.default\">\n\t\t\t\t\t\t\t\t\t\t<a class=\"elementor-button elementor-button-link elementor-size-sm\" href=\"https:\/\/serviciosjll.com.ar\/sitio\/contacto\/\">\n\t\t\t\t\t\t<span class=\"elementor-button-content-wrapper\">\n\t\t\t\t\t\t\t\t\t<span class=\"elementor-button-text\">Cont\u00e1ctenos <\/span>\n\t\t\t\t\t<\/span>\n\t\t\t\t\t<\/a>\n\t\t\t\t\t\t\t\t<\/div>\n\t\t\t\t\t<\/div>\n\t\t\t\t<\/div>\n\t\t<div class=\"elementor-element elementor-element-596527d e-flex e-con-boxed e-con e-parent\" data-id=\"596527d\" data-element_type=\"container\" data-e-type=\"container\">\n\t\t\t\t\t<div class=\"e-con-inner\">\n\t\t<div class=\"elementor-element elementor-element-40e23bd e-con-full e-flex e-con e-child\" data-id=\"40e23bd\" data-element_type=\"container\" data-e-type=\"container\">\n\t\t\t\t<div class=\"elementor-element elementor-element-4f4fff1 elementor-widget elementor-widget-text-editor\" data-id=\"4f4fff1\" data-element_type=\"widget\" data-e-type=\"widget\" data-widget_type=\"text-editor.default\">\n\t\t\t\t\t\t\t\t\t<div class=\"vc_tta-panel-heading\"><h4 class=\"vc_tta-panel-title vc_tta-controls-icon-position-left\"><span class=\"vc_tta-title-text\">Servicios<\/span><i class=\"vc_tta-controls-icon vc_tta-controls-icon-plus\"><\/i><\/h4><\/div><div class=\"vc_tta-panel-body\"><div class=\"wpb_text_column wpb_content_element \"><div class=\"wpb_wrapper\"><p>Mantenimiento integral de zonas verdes privadas y p\u00fablicas.<br \/>Dise\u00f1o, construcci\u00f3n y remodelaci\u00f3n de espacios o zonas verdes.<br \/>Asesoramiento t\u00e9cnico de espacios interiores y exteriores.<br \/>Mantenimiento e instalaci\u00f3n de sistemas de riego.<br \/>Abastecimiento de plantas y materiales de jardiner\u00eda.<br \/>Servicio de podas y podas en altura.<br \/>Replantaciones.<br \/>Mantenimiento de plantas de interior.<br \/>\u00a0Trabajos espec\u00edficos de c\u00e9sped.<br \/>Suministro e instalaci\u00f3n de c\u00e9sped artificial.<br \/>Vallados y cerramientos de parcelas.<br \/>Movimientos de suelo.<\/p><\/div><\/div><\/div>\t\t\t\t\t\t\t\t<\/div>\n\t\t\t\t<\/div>\n\t\t<div class=\"elementor-element elementor-element-7bf14ed e-con-full e-flex e-con e-child\" data-id=\"7bf14ed\" data-element_type=\"container\" data-e-type=\"container\">\n\t\t\t\t<div class=\"elementor-element elementor-element-c0cdad0 elementor-widget elementor-widget-image\" data-id=\"c0cdad0\" data-element_type=\"widget\" data-e-type=\"widget\" data-widget_type=\"image.default\">\n\t\t\t\t\t\t\t\t\t\t\t\t\t\t\t<img fetchpriority=\"high\" decoding=\"async\" width=\"800\" height=\"600\" src=\"https:\/\/serviciosjll.com.ar\/sitio\/wp-content\/uploads\/2026\/02\/medio-ambiente-1.webp\" class=\"attachment-large size-large wp-image-260\" alt=\"\" srcset=\"https:\/\/serviciosjll.com.ar\/sitio\/wp-content\/uploads\/2026\/02\/medio-ambiente-1.webp 800w, https:\/\/serviciosjll.com.ar\/sitio\/wp-content\/uploads\/2026\/02\/medio-ambiente-1-300x225.webp 300w, https:\/\/serviciosjll.com.ar\/sitio\/wp-content\/uploads\/2026\/02\/medio-ambiente-1-768x576.webp 768w\" sizes=\"(max-width: 800px) 100vw, 800px\" \/>\t\t\t\t\t\t\t\t\t\t\t\t\t\t\t<\/div>\n\t\t\t\t<\/div>\n\t\t\t\t\t<\/div>\n\t\t\t\t<\/div>\n\t\t<div class=\"elementor-element elementor-element-48517df e-flex e-con-boxed e-con e-parent\" data-id=\"48517df\" data-element_type=\"container\" data-e-type=\"container\">\n\t\t\t\t\t<div class=\"e-con-inner\">\n\t\t\t\t<div class=\"elementor-element elementor-element-181cbc1 elementor-arrows-position-inside elementor-widget elementor-widget-image-carousel\" data-id=\"181cbc1\" data-element_type=\"widget\" data-e-type=\"widget\" data-settings=\"{&quot;slides_to_show&quot;:&quot;2&quot;,&quot;navigation&quot;:&quot;arrows&quot;,&quot;autoplay&quot;:&quot;yes&quot;,&quot;pause_on_hover&quot;:&quot;yes&quot;,&quot;pause_on_interaction&quot;:&quot;yes&quot;,&quot;autoplay_speed&quot;:5000,&quot;infinite&quot;:&quot;yes&quot;,&quot;speed&quot;:500}\" data-widget_type=\"image-carousel.default\">\n\t\t\t\t\t\t\t<div class=\"elementor-image-carousel-wrapper swiper\" role=\"region\" aria-roledescription=\"carousel\" aria-label=\"Carrusel de im\u00e1genes\" dir=\"ltr\">\n\t\t\t<div class=\"elementor-image-carousel swiper-wrapper\" aria-live=\"off\">\n\t\t\t\t\t\t\t\t<div class=\"swiper-slide\" role=\"group\" aria-roledescription=\"slide\" aria-label=\"1 de 8\"><figure class=\"swiper-slide-inner\"><img decoding=\"async\" class=\"swiper-slide-image\" src=\"https:\/\/serviciosjll.com.ar\/sitio\/wp-content\/uploads\/2026\/02\/medio-ambiente-4.webp\" alt=\"medio-ambiente-4\" \/><\/figure><\/div><div class=\"swiper-slide\" role=\"group\" aria-roledescription=\"slide\" aria-label=\"2 de 8\"><figure class=\"swiper-slide-inner\"><img decoding=\"async\" class=\"swiper-slide-image\" src=\"https:\/\/serviciosjll.com.ar\/sitio\/wp-content\/uploads\/2026\/02\/medio-ambiente-5.webp\" alt=\"medio-ambiente-5\" \/><\/figure><\/div><div class=\"swiper-slide\" role=\"group\" aria-roledescription=\"slide\" aria-label=\"3 de 8\"><figure class=\"swiper-slide-inner\"><img decoding=\"async\" class=\"swiper-slide-image\" src=\"https:\/\/serviciosjll.com.ar\/sitio\/wp-content\/uploads\/2026\/02\/medio-ambiente-6.webp\" alt=\"medio-ambiente-6\" \/><\/figure><\/div><div class=\"swiper-slide\" role=\"group\" aria-roledescription=\"slide\" aria-label=\"4 de 8\"><figure class=\"swiper-slide-inner\"><img decoding=\"async\" class=\"swiper-slide-image\" src=\"https:\/\/serviciosjll.com.ar\/sitio\/wp-content\/uploads\/2026\/02\/medio-ambiente-7.webp\" alt=\"medio-ambiente-7\" \/><\/figure><\/div><div class=\"swiper-slide\" role=\"group\" aria-roledescription=\"slide\" aria-label=\"5 de 8\"><figure class=\"swiper-slide-inner\"><img decoding=\"async\" class=\"swiper-slide-image\" src=\"https:\/\/serviciosjll.com.ar\/sitio\/wp-content\/uploads\/2026\/02\/medio-ambiente-8.webp\" alt=\"medio-ambiente-8\" \/><\/figure><\/div><div class=\"swiper-slide\" role=\"group\" aria-roledescription=\"slide\" aria-label=\"6 de 8\"><figure class=\"swiper-slide-inner\"><img decoding=\"async\" class=\"swiper-slide-image\" src=\"https:\/\/serviciosjll.com.ar\/sitio\/wp-content\/uploads\/2026\/02\/medio-ambiente-11.webp\" alt=\"medio-ambiente-11\" \/><\/figure><\/div><div class=\"swiper-slide\" role=\"group\" aria-roledescription=\"slide\" aria-label=\"7 de 8\"><figure class=\"swiper-slide-inner\"><img decoding=\"async\" class=\"swiper-slide-image\" src=\"https:\/\/serviciosjll.com.ar\/sitio\/wp-content\/uploads\/2026\/02\/medio-ambiente-12.webp\" alt=\"medio-ambiente-12\" \/><\/figure><\/div><div class=\"swiper-slide\" role=\"group\" aria-roledescription=\"slide\" aria-label=\"8 de 8\"><figure class=\"swiper-slide-inner\"><img decoding=\"async\" class=\"swiper-slide-image\" src=\"https:\/\/serviciosjll.com.ar\/sitio\/wp-content\/uploads\/2026\/02\/Servicio-medioambientales-1.webp\" alt=\"Servicio medioambientales (1)\" \/><\/figure><\/div>\t\t\t<\/div>\n\t\t\t\t\t\t\t\t\t\t\t\t<div class=\"elementor-swiper-button elementor-swiper-button-prev\" role=\"button\" tabindex=\"0\">\n\t\t\t\t\t\t<svg aria-hidden=\"true\" class=\"e-font-icon-svg e-eicon-chevron-left\" viewBox=\"0 0 1000 1000\" xmlns=\"http:\/\/www.w3.org\/2000\/svg\"><path d=\"M646 125C629 125 613 133 604 142L308 442C296 454 292 471 292 487 292 504 296 521 308 533L604 854C617 867 629 875 646 875 663 875 679 871 692 858 704 846 713 829 713 812 713 796 708 779 692 767L438 487 692 225C700 217 708 204 708 187 708 171 704 154 692 142 675 129 663 125 646 125Z\"><\/path><\/svg>\t\t\t\t\t<\/div>\n\t\t\t\t\t<div class=\"elementor-swiper-button elementor-swiper-button-next\" role=\"button\" tabindex=\"0\">\n\t\t\t\t\t\t<svg aria-hidden=\"true\" class=\"e-font-icon-svg e-eicon-chevron-right\" viewBox=\"0 0 1000 1000\" xmlns=\"http:\/\/www.w3.org\/2000\/svg\"><path d=\"M696 533C708 521 713 504 713 487 713 471 708 454 696 446L400 146C388 133 375 125 354 125 338 125 325 129 313 142 300 154 292 171 292 187 292 204 296 221 308 233L563 492 304 771C292 783 288 800 288 817 288 833 296 850 308 863 321 871 338 875 354 875 371 875 388 867 400 854L696 533Z\"><\/path><\/svg>\t\t\t\t\t<\/div>\n\t\t\t\t\n\t\t\t\t\t\t\t\t\t<\/div>\n\t\t\t\t\t\t<\/div>\n\t\t\t\t\t<\/div>\n\t\t\t\t<\/div>\n\t\t<div class=\"elementor-element elementor-element-8992983 e-flex e-con-boxed e-con e-parent\" data-id=\"8992983\" data-element_type=\"container\" data-e-type=\"container\">\n\t\t\t\t\t<div class=\"e-con-inner\">\n\t\t<div class=\"elementor-element elementor-element-e293553 e-con-full e-flex e-con e-child\" data-id=\"e293553\" data-element_type=\"container\" data-e-type=\"container\">\n\t\t\t\t<div class=\"elementor-element elementor-element-a25ce28 elementor-widget elementor-widget-image\" data-id=\"a25ce28\" data-element_type=\"widget\" data-e-type=\"widget\" data-widget_type=\"image.default\">\n\t\t\t\t\t\t\t\t\t\t\t\t\t\t\t<img decoding=\"async\" width=\"655\" height=\"1024\" src=\"https:\/\/serviciosjll.com.ar\/sitio\/wp-content\/uploads\/2026\/02\/ISO-9001-2015-655x1024.webp\" class=\"attachment-large size-large wp-image-274\" alt=\"\" srcset=\"https:\/\/serviciosjll.com.ar\/sitio\/wp-content\/uploads\/2026\/02\/ISO-9001-2015-655x1024.webp 655w, https:\/\/serviciosjll.com.ar\/sitio\/wp-content\/uploads\/2026\/02\/ISO-9001-2015-192x300.webp 192w, https:\/\/serviciosjll.com.ar\/sitio\/wp-content\/uploads\/2026\/02\/ISO-9001-2015-768x1201.webp 768w, https:\/\/serviciosjll.com.ar\/sitio\/wp-content\/uploads\/2026\/02\/ISO-9001-2015-982x1536.webp 982w, https:\/\/serviciosjll.com.ar\/sitio\/wp-content\/uploads\/2026\/02\/ISO-9001-2015.webp 1023w\" sizes=\"(max-width: 655px) 100vw, 655px\" \/>\t\t\t\t\t\t\t\t\t\t\t\t\t\t\t<\/div>\n\t\t\t\t<\/div>\n\t\t<div class=\"elementor-element elementor-element-752e582 e-con-full e-flex e-con e-child\" data-id=\"752e582\" data-element_type=\"container\" data-e-type=\"container\">\n\t\t\t\t<div class=\"elementor-element elementor-element-cb9e619 elementor-widget elementor-widget-image\" data-id=\"cb9e619\" data-element_type=\"widget\" data-e-type=\"widget\" data-widget_type=\"image.default\">\n\t\t\t\t\t\t\t\t\t\t\t\t\t\t\t<img loading=\"lazy\" decoding=\"async\" width=\"657\" height=\"1024\" src=\"https:\/\/serviciosjll.com.ar\/sitio\/wp-content\/uploads\/2026\/02\/ISO-14001-2015-657x1024.webp\" class=\"attachment-large size-large wp-image-275\" alt=\"\" srcset=\"https:\/\/serviciosjll.com.ar\/sitio\/wp-content\/uploads\/2026\/02\/ISO-14001-2015-657x1024.webp 657w, https:\/\/serviciosjll.com.ar\/sitio\/wp-content\/uploads\/2026\/02\/ISO-14001-2015-192x300.webp 192w, https:\/\/serviciosjll.com.ar\/sitio\/wp-content\/uploads\/2026\/02\/ISO-14001-2015-768x1198.webp 768w, https:\/\/serviciosjll.com.ar\/sitio\/wp-content\/uploads\/2026\/02\/ISO-14001-2015-985x1536.webp 985w, https:\/\/serviciosjll.com.ar\/sitio\/wp-content\/uploads\/2026\/02\/ISO-14001-2015.webp 1026w\" sizes=\"(max-width: 657px) 100vw, 657px\" \/>\t\t\t\t\t\t\t\t\t\t\t\t\t\t\t<\/div>\n\t\t\t\t<\/div>\n\t\t<div class=\"elementor-element elementor-element-424671d e-con-full e-flex e-con e-child\" data-id=\"424671d\" data-element_type=\"container\" data-e-type=\"container\">\n\t\t\t\t<div class=\"elementor-element elementor-element-5476cdd elementor-widget elementor-widget-image\" data-id=\"5476cdd\" data-element_type=\"widget\" data-e-type=\"widget\" data-widget_type=\"image.default\">\n\t\t\t\t\t\t\t\t\t\t\t\t\t\t\t<img loading=\"lazy\" decoding=\"async\" width=\"649\" height=\"1024\" src=\"https:\/\/serviciosjll.com.ar\/sitio\/wp-content\/uploads\/2026\/02\/ISO-45001-2018-649x1024.webp\" class=\"attachment-large size-large wp-image-276\" alt=\"ISO 45001 2018\" srcset=\"https:\/\/serviciosjll.com.ar\/sitio\/wp-content\/uploads\/2026\/02\/ISO-45001-2018-649x1024.webp 649w, https:\/\/serviciosjll.com.ar\/sitio\/wp-content\/uploads\/2026\/02\/ISO-45001-2018-190x300.webp 190w, https:\/\/serviciosjll.com.ar\/sitio\/wp-content\/uploads\/2026\/02\/ISO-45001-2018-768x1212.webp 768w, https:\/\/serviciosjll.com.ar\/sitio\/wp-content\/uploads\/2026\/02\/ISO-45001-2018-973x1536.webp 973w, https:\/\/serviciosjll.com.ar\/sitio\/wp-content\/uploads\/2026\/02\/ISO-45001-2018.webp 1014w\" sizes=\"(max-width: 649px) 100vw, 649px\" \/>\t\t\t\t\t\t\t\t\t\t\t\t\t\t\t<\/div>\n\t\t\t\t<\/div>\n\t\t\t\t\t<\/div>\n\t\t\t\t<\/div>\n\t\t\t\t<\/div>\n\t\t","protected":false},"excerpt":{"rendered":"<p>Profesionalidad, experiencia y especializaci\u00f3n, adaptadas a todo tipo de espacios. Nuestro plan de trabajo se basa en estudiar las necesidades [&hellip;]<\/p>\n","protected":false},"author":2,"featured_media":0,"parent":10,"menu_order":0,"comment_status":"closed","ping_status":"closed","template":"","meta":{"site-sidebar-layout":"no-sidebar","site-content-layout":"","ast-site-content-layout":"full-width-container","site-content-style":"default","site-sidebar-style":"default","ast-global-header-display":"","ast-banner-title-visibility":"","ast-main-header-display":"","ast-hfb-above-header-display":"","ast-hfb-below-header-display":"","ast-hfb-mobile-header-display":"","site-post-title":"disabled","ast-breadcrumbs-content":"","ast-featured-img":"disabled","footer-sml-layout":"","ast-disable-related-posts":"","theme-transparent-header-meta":"default","adv-header-id-meta":"","stick-header-meta":"","header-above-stick-meta":"","header-main-stick-meta":"","header-below-stick-meta":"","astra-migrate-meta-layouts":"set","ast-page-background-enabled":"default","ast-page-background-meta":{"desktop":{"background-color":"var(--ast-global-color-5)","background-image":"","background-repeat":"repeat","background-position":"center center","background-size":"auto","background-attachment":"scroll","background-type":"","background-media":"","overlay-type":"","overlay-color":"","overlay-opacity":"","overlay-gradient":""},"tablet":{"background-color":"","background-image":"","background-repeat":"repeat","background-position":"center center","background-size":"auto","background-attachment":"scroll","background-type":"","background-media":"","overlay-type":"","overlay-color":"","overlay-opacity":"","overlay-gradient":""},"mobile":{"background-color":"","background-image":"","background-repeat":"repeat","background-position":"center center","background-size":"auto","background-attachment":"scroll","background-type":"","background-media":"","overlay-type":"","overlay-color":"","overlay-opacity":"","overlay-gradient":""}},"ast-content-background-meta":{"desktop":{"background-color":"var(--ast-global-color-4)","background-image":"","background-repeat":"repeat","background-position":"center center","background-size":"auto","background-attachment":"scroll","background-type":"","background-media":"","overlay-type":"","overlay-color":"","overlay-opacity":"","overlay-gradient":""},"tablet":{"background-color":"var(--ast-global-color-4)","background-image":"","background-repeat":"repeat","background-position":"center center","background-size":"auto","background-attachment":"scroll","background-type":"","background-media":"","overlay-type":"","overlay-color":"","overlay-opacity":"","overlay-gradient":""},"mobile":{"background-color":"var(--ast-global-color-4)","background-image":"","background-repeat":"repeat","background-position":"center center","background-size":"auto","background-attachment":"scroll","background-type":"","background-media":"","overlay-type":"","overlay-color":"","overlay-opacity":"","overlay-gradient":""}},"footnotes":""},"class_list":["post-223","page","type-page","status-publish","hentry"],"_links":{"self":[{"href":"https:\/\/serviciosjll.com.ar\/sitio\/wp-json\/wp\/v2\/pages\/223","targetHints":{"allow":["GET"]}}],"collection":[{"href":"https:\/\/serviciosjll.com.ar\/sitio\/wp-json\/wp\/v2\/pages"}],"about":[{"href":"https:\/\/serviciosjll.com.ar\/sitio\/wp-json\/wp\/v2\/types\/page"}],"author":[{"embeddable":true,"href":"https:\/\/serviciosjll.com.ar\/sitio\/wp-json\/wp\/v2\/users\/2"}],"replies":[{"embeddable":true,"href":"https:\/\/serviciosjll.com.ar\/sitio\/wp-json\/wp\/v2\/comments?post=223"}],"version-history":[{"count":58,"href":"https:\/\/serviciosjll.com.ar\/sitio\/wp-json\/wp\/v2\/pages\/223\/revisions"}],"predecessor-version":[{"id":360,"href":"https:\/\/serviciosjll.com.ar\/sitio\/wp-json\/wp\/v2\/pages\/223\/revisions\/360"}],"up":[{"embeddable":true,"href":"https:\/\/serviciosjll.com.ar\/sitio\/wp-json\/wp\/v2\/pages\/10"}],"wp:attachment":[{"href":"https:\/\/serviciosjll.com.ar\/sitio\/wp-json\/wp\/v2\/media?parent=223"}],"curies":[{"name":"wp","href":"https:\/\/api.w.org\/{rel}","templated":true}]}}